{"id":11383,"date":"2025-10-19T16:57:04","date_gmt":"2025-10-19T14:57:04","guid":{"rendered":"https:\/\/innfamily.online\/product\/payment-for-the-habitacion-en-piso-de-cuatro-habitaciones-con-increible-ubicacion-property-booking-period-2026-01-07-to-2026-01-07\/"},"modified":"2025-10-19T16:57:04","modified_gmt":"2025-10-19T14:57:04","slug":"payment-for-the-habitacion-en-piso-de-cuatro-habitaciones-con-increible-ubicacion-property-booking-period-2026-01-07-to-2026-01-07","status":"publish","type":"product","link":"https:\/\/innfamily.online\/es_es\/producto\/payment-for-the-habitacion-en-piso-de-cuatro-habitaciones-con-increible-ubicacion-property-booking-period-2026-01-07-to-2026-01-07\/","title":{"rendered":"Payment for the &#039;Habitaci\u00f3n en piso de cuatro habitaciones con incre\u00edble ubicaci\u00f3n&#039; property booking. Period: 2026-01-07 to 2026-01-07"},"content":{"rendered":"","protected":false},"excerpt":{"rendered":"","protected":false},"featured_media":0,"comment_status":"closed","ping_status":"closed","template":"","meta":[],"product_cat":[],"product_tag":[],"_links":{"self":[{"href":"https:\/\/innfamily.online\/es_es\/wp-json\/wp\/v2\/product\/11383"}],"collection":[{"href":"https:\/\/innfamily.online\/es_es\/wp-json\/wp\/v2\/product"}],"about":[{"href":"https:\/\/innfamily.online\/es_es\/wp-json\/wp\/v2\/types\/product"}],"replies":[{"embeddable":true,"href":"https:\/\/innfamily.online\/es_es\/wp-json\/wp\/v2\/comments?post=11383"}],"wp:attachment":[{"href":"https:\/\/innfamily.online\/es_es\/wp-json\/wp\/v2\/media?parent=11383"}],"wp:term":[{"taxonomy":"product_cat","embeddable":true,"href":"https:\/\/innfamily.online\/es_es\/wp-json\/wp\/v2\/product_cat?post=11383"},{"taxonomy":"product_tag","embeddable":true,"href":"https:\/\/innfamily.online\/es_es\/wp-json\/wp\/v2\/product_tag?post=11383"}],"curies":[{"name":"wp","href":"https:\/\/api.w.org\/{rel}","templated":true}]}}