{"id":10221,"date":"2024-11-27T01:53:19","date_gmt":"2024-11-26T23:53:19","guid":{"rendered":"https:\/\/innfamily.online\/product\/payment-for-the-habitacion-en-piso-de-cuatro-habitaciones-con-increible-ubicacion-property-booking-period-2025-04-18-to-2025-05-18\/"},"modified":"2024-11-27T01:53:19","modified_gmt":"2024-11-26T23:53:19","slug":"payment-for-the-habitacion-en-piso-de-cuatro-habitaciones-con-increible-ubicacion-property-booking-period-2025-04-18-to-2025-05-18","status":"publish","type":"product","link":"https:\/\/innfamily.online\/es_es\/producto\/payment-for-the-habitacion-en-piso-de-cuatro-habitaciones-con-increible-ubicacion-property-booking-period-2025-04-18-to-2025-05-18\/","title":{"rendered":"Payment for the &#039;Habitaci\u00f3n en piso de cuatro habitaciones con incre\u00edble ubicaci\u00f3n&#039; property booking. Period: 2025-04-18 to 2025-05-18"},"content":{"rendered":"","protected":false},"excerpt":{"rendered":"","protected":false},"featured_media":0,"comment_status":"closed","ping_status":"closed","template":"","meta":[],"product_cat":[],"product_tag":[],"_links":{"self":[{"href":"https:\/\/innfamily.online\/es_es\/wp-json\/wp\/v2\/product\/10221"}],"collection":[{"href":"https:\/\/innfamily.online\/es_es\/wp-json\/wp\/v2\/product"}],"about":[{"href":"https:\/\/innfamily.online\/es_es\/wp-json\/wp\/v2\/types\/product"}],"replies":[{"embeddable":true,"href":"https:\/\/innfamily.online\/es_es\/wp-json\/wp\/v2\/comments?post=10221"}],"wp:attachment":[{"href":"https:\/\/innfamily.online\/es_es\/wp-json\/wp\/v2\/media?parent=10221"}],"wp:term":[{"taxonomy":"product_cat","embeddable":true,"href":"https:\/\/innfamily.online\/es_es\/wp-json\/wp\/v2\/product_cat?post=10221"},{"taxonomy":"product_tag","embeddable":true,"href":"https:\/\/innfamily.online\/es_es\/wp-json\/wp\/v2\/product_tag?post=10221"}],"curies":[{"name":"wp","href":"https:\/\/api.w.org\/{rel}","templated":true}]}}