{"id":10209,"date":"2024-11-18T17:06:18","date_gmt":"2024-11-18T15:06:18","guid":{"rendered":"https:\/\/innfamily.online\/es_es\/producto\/payment-for-the-habitacion-en-piso-de-cuatro-habitaciones-con-increible-ubicacion-property-booking-period-2025-01-01-to-2025-01-31\/"},"modified":"2024-11-18T17:06:18","modified_gmt":"2024-11-18T15:06:18","slug":"payment-for-the-habitacion-en-piso-de-cuatro-habitaciones-con-increible-ubicacion-property-booking-period-2025-01-01-to-2025-01-31","status":"publish","type":"product","link":"https:\/\/innfamily.online\/es_es\/producto\/payment-for-the-habitacion-en-piso-de-cuatro-habitaciones-con-increible-ubicacion-property-booking-period-2025-01-01-to-2025-01-31\/","title":{"rendered":"Payment for the &#039;Habitaci\u00f3n en piso de cuatro habitaciones con incre\u00edble ubicaci\u00f3n&#039; property booking. Period: 2025-01-01 to 2025-01-31"},"content":{"rendered":"","protected":false},"excerpt":{"rendered":"","protected":false},"featured_media":0,"comment_status":"closed","ping_status":"closed","template":"","meta":[],"product_cat":[],"product_tag":[],"_links":{"self":[{"href":"https:\/\/innfamily.online\/es_es\/wp-json\/wp\/v2\/product\/10209"}],"collection":[{"href":"https:\/\/innfamily.online\/es_es\/wp-json\/wp\/v2\/product"}],"about":[{"href":"https:\/\/innfamily.online\/es_es\/wp-json\/wp\/v2\/types\/product"}],"replies":[{"embeddable":true,"href":"https:\/\/innfamily.online\/es_es\/wp-json\/wp\/v2\/comments?post=10209"}],"wp:attachment":[{"href":"https:\/\/innfamily.online\/es_es\/wp-json\/wp\/v2\/media?parent=10209"}],"wp:term":[{"taxonomy":"product_cat","embeddable":true,"href":"https:\/\/innfamily.online\/es_es\/wp-json\/wp\/v2\/product_cat?post=10209"},{"taxonomy":"product_tag","embeddable":true,"href":"https:\/\/innfamily.online\/es_es\/wp-json\/wp\/v2\/product_tag?post=10209"}],"curies":[{"name":"wp","href":"https:\/\/api.w.org\/{rel}","templated":true}]}}